{"id":31,"date":"2013-05-06T08:17:22","date_gmt":"2013-05-06T06:17:22","guid":{"rendered":"http:\/\/almqvistblogg.wordpress.com\/?page_id=1"},"modified":"2013-09-17T11:42:28","modified_gmt":"2013-09-17T09:42:28","slug":"om","status":"publish","type":"page","link":"https:\/\/blogg.improveme.se\/almqvistblogg\/om\/","title":{"rendered":"Om"},"content":{"rendered":"<p>Det var en g\u00e5ng en sm\u00e5l\u00e4ndsk flicka&#8230;<\/p>\n<p>Hon f\u00f6ddes av hennes finska mamma, i Stockholm vintern 1989.<br \/>\nHon fick namnet Sara Mikaela Erika.<\/p>\n<p>Som liten fyllde hon dagbok efter dagbok. Hon skrev f\u00f6r en tidning, f\u00f6rfattade s\u00e5ngtexter och h\u00f6gen med anteckningsblock v\u00e4xte tillsammans med henne sj\u00e4lv.<br \/>\nAtt uttrycka sig genom skrift var hennes g\u00e5va.<\/p>\n<p>Genom sin utbildning till medicinsk massageterapeut och erfarenheten som egen f\u00f6retagare, fick hon kunskaper om kroppen och dess n\u00e4ringsl\u00e4ra.<\/p>\n<p>almqvistblogg.se handlar f\u00f6rutom kost, tr\u00e4ning och h\u00e4lsa, om tankar och funderingar i livet hos en poetisk ensamvarg.<\/p>\n","protected":false},"excerpt":{"rendered":"<p>Det var en g\u00e5ng en sm\u00e5l\u00e4ndsk flicka&#8230; Hon f\u00f6ddes av hennes finska mamma, i Stockholm vintern 1989. Hon fick namnet Sara Mikaela Erika. Som liten fyllde hon dagbok efter dagbok. Hon skrev f\u00f6r en tidning, f\u00f6rfattade s\u00e5ngtexter och h\u00f6gen med anteckningsblock v\u00e4xte tillsammans med henne sj\u00e4lv. Att uttrycka sig genom skrift var hennes g\u00e5va. Genom &#8230; <a title=\"Om\" class=\"read-more\" href=\"https:\/\/blogg.improveme.se\/almqvistblogg\/om\/\" aria-label=\"L\u00e4s mer om Om\">L\u00e4s mer<\/a><\/p>\n","protected":false},"author":5946,"featured_media":0,"parent":0,"menu_order":0,"comment_status":"open","ping_status":"closed","template":"","meta":{"footnotes":""},"class_list":["post-31","page","type-page","status-publish"],"_links":{"self":[{"href":"https:\/\/blogg.improveme.se\/almqvistblogg\/wp-json\/wp\/v2\/pages\/31","targetHints":{"allow":["GET"]}}],"collection":[{"href":"https:\/\/blogg.improveme.se\/almqvistblogg\/wp-json\/wp\/v2\/pages"}],"about":[{"href":"https:\/\/blogg.improveme.se\/almqvistblogg\/wp-json\/wp\/v2\/types\/page"}],"author":[{"embeddable":true,"href":"https:\/\/blogg.improveme.se\/almqvistblogg\/wp-json\/wp\/v2\/users\/5946"}],"replies":[{"embeddable":true,"href":"https:\/\/blogg.improveme.se\/almqvistblogg\/wp-json\/wp\/v2\/comments?post=31"}],"version-history":[{"count":0,"href":"https:\/\/blogg.improveme.se\/almqvistblogg\/wp-json\/wp\/v2\/pages\/31\/revisions"}],"wp:attachment":[{"href":"https:\/\/blogg.improveme.se\/almqvistblogg\/wp-json\/wp\/v2\/media?parent=31"}],"curies":[{"name":"wp","href":"https:\/\/api.w.org\/{rel}","templated":true}]}}