{"id":9,"date":"2012-10-01T18:13:02","date_gmt":"2012-10-01T18:13:02","guid":{"rendered":"http:\/\/kladerhudvardochinredning.wordpress.com\/?page_id=2"},"modified":"2012-10-01T18:13:02","modified_gmt":"2012-10-01T18:13:02","slug":"about","status":"publish","type":"page","link":"https:\/\/blogg.improveme.se\/annalena\/about\/","title":{"rendered":"About"},"content":{"rendered":"<p>Jag \u00e4r en trevlig och glad tjej f\u00f6dd 1974 och uppvuxen i H\u00e4lsingland. Jag \u00e4r sambo och har inga egna barn men en supertrevlig bonusson, Jag och min sambo bor i ett r\u00f6tt hus vid S\u00f6dra Dellen och med oss bor en underbar svart halvl\u00e5ngh\u00e5rig taxtjej och en supergosig sk\u00f6ldpaddsf\u00e4rgad huskatt. Jag bara \u00e4lskar Kl\u00e4der, V\u00e4skor, Accessoarer, Hud \/ sk\u00f6nhetsv\u00e5rd och inredning&#8230;. sen \u00e4lskar jag att g\u00f6ra sp\u00e4nnande reor. Jag \u00e4r v\u00e4ldigt f\u00f6rtjust i v\u00e5ran vackra huvudstad Stockholm.<\/p>\n","protected":false},"excerpt":{"rendered":"<p>Jag \u00e4r en trevlig och glad tjej f\u00f6dd 1974 och uppvuxen i H\u00e4lsingland. Jag \u00e4r sambo och har inga egna barn men en supertrevlig bonusson, Jag och min sambo bor i ett r\u00f6tt hus vid S\u00f6dra Dellen och med oss bor en underbar svart halvl\u00e5ngh\u00e5rig taxtjej och en supergosig sk\u00f6ldpaddsf\u00e4rgad huskatt. Jag bara \u00e4lskar Kl\u00e4der, &#8230; <a title=\"About\" class=\"read-more\" href=\"https:\/\/blogg.improveme.se\/annalena\/about\/\" aria-label=\"L\u00e4s mer om About\">L\u00e4s mer<\/a><\/p>\n","protected":false},"author":3699,"featured_media":0,"parent":0,"menu_order":0,"comment_status":"open","ping_status":"open","template":"","meta":{"footnotes":""},"class_list":["post-9","page","type-page","status-publish"],"_links":{"self":[{"href":"https:\/\/blogg.improveme.se\/annalena\/wp-json\/wp\/v2\/pages\/9","targetHints":{"allow":["GET"]}}],"collection":[{"href":"https:\/\/blogg.improveme.se\/annalena\/wp-json\/wp\/v2\/pages"}],"about":[{"href":"https:\/\/blogg.improveme.se\/annalena\/wp-json\/wp\/v2\/types\/page"}],"author":[{"embeddable":true,"href":"https:\/\/blogg.improveme.se\/annalena\/wp-json\/wp\/v2\/users\/3699"}],"replies":[{"embeddable":true,"href":"https:\/\/blogg.improveme.se\/annalena\/wp-json\/wp\/v2\/comments?post=9"}],"version-history":[{"count":0,"href":"https:\/\/blogg.improveme.se\/annalena\/wp-json\/wp\/v2\/pages\/9\/revisions"}],"wp:attachment":[{"href":"https:\/\/blogg.improveme.se\/annalena\/wp-json\/wp\/v2\/media?parent=9"}],"curies":[{"name":"wp","href":"https:\/\/api.w.org\/{rel}","templated":true}]}}