{"id":4671,"date":"2011-09-20T19:18:39","date_gmt":"2011-09-20T19:18:39","guid":{"rendered":"http:\/\/anneliebjork.wordpress.com\/?page_id=2"},"modified":"2011-09-20T19:18:39","modified_gmt":"2011-09-20T19:18:39","slug":"about","status":"publish","type":"page","link":"https:\/\/blogg.improveme.se\/anneliebjork\/about\/","title":{"rendered":""},"content":{"rendered":"<p>Styrketr\u00e4nande Kvinna, Sambo, Mamma, Bonusmorsa, Dotter, Lillasyster, kollega och v\u00e4n&#8230;och antagligen n\u00e5t mer.<\/p>\n<p>Mamma till 2 vuxna s\u00f6ner p\u00e5 22 &amp; 19 samt till 12-\u00e5rig dotter och \u00e4ven bonusmorsa till en 15-\u00e5rig grabb. Tr\u00e4nat mer eller mindre seri\u00f6st sedan min dotter f\u00f6ddes f\u00f6r 12 \u00e5r sen..Uttagen i Talangjakten -09 och gjorde d\u00e5 min f\u00f6rsta och \u00e4n s\u00e5 l\u00e4nge enda Fitnesst\u00e4vling.<\/p>\n","protected":false},"excerpt":{"rendered":"<p>Styrketr\u00e4nande Kvinna, Sambo, Mamma, Bonusmorsa, Dotter, Lillasyster, kollega och v\u00e4n&#8230;och antagligen n\u00e5t mer. Mamma till 2 vuxna s\u00f6ner p\u00e5 22 &amp; 19 samt till 12-\u00e5rig dotter och \u00e4ven bonusmorsa till en 15-\u00e5rig grabb. Tr\u00e4nat mer eller mindre seri\u00f6st sedan min dotter f\u00f6ddes f\u00f6r 12 \u00e5r sen..Uttagen i Talangjakten -09 och gjorde d\u00e5 min f\u00f6rsta och &#8230; <a title=\"\" class=\"read-more\" href=\"https:\/\/blogg.improveme.se\/anneliebjork\/about\/\" aria-label=\"L\u00e4s mer om \">L\u00e4s mer<\/a><\/p>\n","protected":false},"author":9957,"featured_media":1455,"parent":0,"menu_order":0,"comment_status":"open","ping_status":"open","template":"","meta":{"footnotes":""},"class_list":["post-4671","page","type-page","status-publish","has-post-thumbnail"],"_links":{"self":[{"href":"https:\/\/blogg.improveme.se\/anneliebjork\/wp-json\/wp\/v2\/pages\/4671","targetHints":{"allow":["GET"]}}],"collection":[{"href":"https:\/\/blogg.improveme.se\/anneliebjork\/wp-json\/wp\/v2\/pages"}],"about":[{"href":"https:\/\/blogg.improveme.se\/anneliebjork\/wp-json\/wp\/v2\/types\/page"}],"author":[{"embeddable":true,"href":"https:\/\/blogg.improveme.se\/anneliebjork\/wp-json\/wp\/v2\/users\/9957"}],"replies":[{"embeddable":true,"href":"https:\/\/blogg.improveme.se\/anneliebjork\/wp-json\/wp\/v2\/comments?post=4671"}],"version-history":[{"count":0,"href":"https:\/\/blogg.improveme.se\/anneliebjork\/wp-json\/wp\/v2\/pages\/4671\/revisions"}],"wp:featuredmedia":[{"embeddable":true,"href":"https:\/\/blogg.improveme.se\/anneliebjork\/wp-json\/wp\/v2\/media\/1455"}],"wp:attachment":[{"href":"https:\/\/blogg.improveme.se\/anneliebjork\/wp-json\/wp\/v2\/media?parent=4671"}],"curies":[{"name":"wp","href":"https:\/\/api.w.org\/{rel}","templated":true}]}}