{"id":537,"date":"2011-06-12T09:30:47","date_gmt":"2011-06-12T07:30:47","guid":{"rendered":"http:\/\/annelieb.spotlife.se\/om\/"},"modified":"2011-06-12T09:30:47","modified_gmt":"2011-06-12T07:30:47","slug":"om","status":"publish","type":"page","link":"https:\/\/blogg.improveme.se\/anneliebjork\/om\/","title":{"rendered":"Bakgrund"},"content":{"rendered":"<p>B\u00f6rjade tr\u00e4na n\u00e4r min dotter var n\u00e4stintill nyf\u00f6dd&#8230;styrketr\u00e4ningen blev en stor del av mitt liv, min livsstil. 2009 var jag med i Talangjakten &#8211; efter 22 veckors dietande samt h\u00e5rd tr\u00e4ning gjorde jag min debut p\u00e5 en Fitnesst\u00e4vling&#8230;en helt galen k\u00e4nsla &#8211; t\u00e4nk att JAG, just jag klarade av 22 veckor p\u00e5 diet, otaliga timmar p\u00e5 gymet och samtidigt jobba, vara mamma och ha ett n\u00e5gorlunda socialt liv:) Det var den st\u00f6rsta segern\u00a0 &#8211; att jag fixade det! Om jag vill g\u00f6ra det igen&#8230;? Gissa&#8230;;)<\/p>\n","protected":false},"excerpt":{"rendered":"<p>B\u00f6rjade tr\u00e4na n\u00e4r min dotter var n\u00e4stintill nyf\u00f6dd&#8230;styrketr\u00e4ningen blev en stor del av mitt liv, min livsstil. 2009 var jag med i Talangjakten &#8211; efter 22 veckors dietande samt h\u00e5rd tr\u00e4ning gjorde jag min debut p\u00e5 en Fitnesst\u00e4vling&#8230;en helt galen k\u00e4nsla &#8211; t\u00e4nk att JAG, just jag klarade av 22 veckor p\u00e5 diet, otaliga timmar &#8230; <a title=\"Bakgrund\" class=\"read-more\" href=\"https:\/\/blogg.improveme.se\/anneliebjork\/om\/\" aria-label=\"L\u00e4s mer om Bakgrund\">L\u00e4s mer<\/a><\/p>\n","protected":false},"author":9957,"featured_media":3417,"parent":0,"menu_order":0,"comment_status":"open","ping_status":"open","template":"","meta":{"footnotes":""},"class_list":["post-537","page","type-page","status-publish","has-post-thumbnail"],"_links":{"self":[{"href":"https:\/\/blogg.improveme.se\/anneliebjork\/wp-json\/wp\/v2\/pages\/537","targetHints":{"allow":["GET"]}}],"collection":[{"href":"https:\/\/blogg.improveme.se\/anneliebjork\/wp-json\/wp\/v2\/pages"}],"about":[{"href":"https:\/\/blogg.improveme.se\/anneliebjork\/wp-json\/wp\/v2\/types\/page"}],"author":[{"embeddable":true,"href":"https:\/\/blogg.improveme.se\/anneliebjork\/wp-json\/wp\/v2\/users\/9957"}],"replies":[{"embeddable":true,"href":"https:\/\/blogg.improveme.se\/anneliebjork\/wp-json\/wp\/v2\/comments?post=537"}],"version-history":[{"count":0,"href":"https:\/\/blogg.improveme.se\/anneliebjork\/wp-json\/wp\/v2\/pages\/537\/revisions"}],"wp:featuredmedia":[{"embeddable":true,"href":"https:\/\/blogg.improveme.se\/anneliebjork\/wp-json\/wp\/v2\/media\/3417"}],"wp:attachment":[{"href":"https:\/\/blogg.improveme.se\/anneliebjork\/wp-json\/wp\/v2\/media?parent=537"}],"curies":[{"name":"wp","href":"https:\/\/api.w.org\/{rel}","templated":true}]}}