{"id":20,"date":"2015-01-10T17:07:55","date_gmt":"2015-01-10T16:07:55","guid":{"rendered":"http:\/\/blogg.improveme.se\/bffgirls\/?page_id=20"},"modified":"2015-01-10T17:09:50","modified_gmt":"2015-01-10T16:09:50","slug":"borja-spela","status":"publish","type":"page","link":"https:\/\/blogg.improveme.se\/bffgirls\/borja-spela\/","title":{"rendered":"b\u00f6rja spela!"},"content":{"rendered":"<p><a href=\"http:\/\/blogg.improveme.se\/bffgirls\/files\/2015\/01\/cropped-Starstable_logo_big.png\"><img loading=\"lazy\" decoding=\"async\" class=\"alignnone size-large wp-image-10\" src=\"http:\/\/blogg.improveme.se\/bffgirls\/files\/2015\/01\/cropped-Starstable_logo_big-755x229.png\" alt=\"cropped-Starstable_logo_big.png\" width=\"755\" height=\"229\" srcset=\"https:\/\/blogg.improveme.se\/bffgirls\/files\/2015\/01\/cropped-Starstable_logo_big-755x229.png 755w, https:\/\/blogg.improveme.se\/bffgirls\/files\/2015\/01\/cropped-Starstable_logo_big-300x91.png 300w, https:\/\/blogg.improveme.se\/bffgirls\/files\/2015\/01\/cropped-Starstable_logo_big.png 1100w\" sizes=\"auto, (max-width: 755px) 100vw, 755px\" \/><\/a> hej om du inte gillar h\u00e4star sluta l\u00e4s. hej om du gillar h\u00e4star forts\u00e4tt l\u00e4s. om du gillar h\u00e4star borde prova spelet online spelet starstable (l\u00e4nkar det <a href=\"https:\/\/www.starstable.com\/se\/\">H\u00c4R<\/a>)\u00a0som man kan spela gratis upp till level 4. efter du har spelat upp till level 4 m\u00e5ste du k\u00f6pa spelet om du vill forts\u00e4tta spela. P.s. ibland kommer det v\u00e4rdekoder som man kan skriva in inne p\u00e5 starstable som g\u00f6r att man kan spela l\u00e4ngre.<\/p>\n","protected":false},"excerpt":{"rendered":"<p>hej om du inte gillar h\u00e4star sluta l\u00e4s. hej om du gillar h\u00e4star forts\u00e4tt l\u00e4s. om du gillar h\u00e4star borde prova spelet online spelet starstable (l\u00e4nkar det H\u00c4R)\u00a0som man kan spela gratis upp till level 4. efter du har spelat upp till level 4 m\u00e5ste du k\u00f6pa spelet om du vill forts\u00e4tta spela. P.s. ibland &#8230; <a title=\"b\u00f6rja spela!\" class=\"read-more\" href=\"https:\/\/blogg.improveme.se\/bffgirls\/borja-spela\/\" aria-label=\"L\u00e4s mer om b\u00f6rja spela!\">L\u00e4s mer<\/a><\/p>\n","protected":false},"author":10550,"featured_media":0,"parent":0,"menu_order":0,"comment_status":"open","ping_status":"open","template":"","meta":{"footnotes":""},"class_list":["post-20","page","type-page","status-publish"],"_links":{"self":[{"href":"https:\/\/blogg.improveme.se\/bffgirls\/wp-json\/wp\/v2\/pages\/20","targetHints":{"allow":["GET"]}}],"collection":[{"href":"https:\/\/blogg.improveme.se\/bffgirls\/wp-json\/wp\/v2\/pages"}],"about":[{"href":"https:\/\/blogg.improveme.se\/bffgirls\/wp-json\/wp\/v2\/types\/page"}],"author":[{"embeddable":true,"href":"https:\/\/blogg.improveme.se\/bffgirls\/wp-json\/wp\/v2\/users\/10550"}],"replies":[{"embeddable":true,"href":"https:\/\/blogg.improveme.se\/bffgirls\/wp-json\/wp\/v2\/comments?post=20"}],"version-history":[{"count":0,"href":"https:\/\/blogg.improveme.se\/bffgirls\/wp-json\/wp\/v2\/pages\/20\/revisions"}],"wp:attachment":[{"href":"https:\/\/blogg.improveme.se\/bffgirls\/wp-json\/wp\/v2\/media?parent=20"}],"curies":[{"name":"wp","href":"https:\/\/api.w.org\/{rel}","templated":true}]}}