{"id":607,"date":"2013-02-23T21:41:59","date_gmt":"2013-02-23T20:41:59","guid":{"rendered":"http:\/\/blogg.improveme.se\/burman91\/?page_id=607"},"modified":"2013-02-24T20:46:11","modified_gmt":"2013-02-24T19:46:11","slug":"oj-nu-var-det-lordag","status":"publish","type":"page","link":"https:\/\/blogg.improveme.se\/burman91\/oj-nu-var-det-lordag\/","title":{"rendered":"Oj nu var det l\u00f6rdag"},"content":{"rendered":"<p>Sitter och ser melodifestivalen nu.  Inget riktigt fan av det direkt men finns inte s\u00e5 mycket annat att se s\u00e5 h\u00e4r p\u00e5 l\u00f6rdagskv\u00e4llarna. Ska i alla fall kanske ut en sv\u00e4ng sen, f\u00e5r se. I s\u00e5 fall blir det att m\u00f6ta upp mina gamla klasskompisar som haft sittning. Kan bli kul. <\/p>\n<p>\u00c4r dock s\u00e5 sjukt irriterad just nu s\u00e5 f\u00e5r se om det \u00e4r v\u00e4rt att fara ut eller om jag helt enkelt ska g\u00e5 och l\u00e4gga mig. T\u00e5l mycket och \u00e4r duktigt p\u00e5 att h\u00e5lla masken men n\u00e4r jag blir anklagad f\u00f6r saker som inte st\u00e4mmer s\u00e5 blir jag bara s\u00e5 sjukt less s\u00e5 det finns inte. F\u00f6r mig \u00e4r det stor skillnad p\u00e5 att s\u00e4ga hur man sj\u00e4lv k\u00e4nner det och att vara taskig mot n\u00e5gon. Tyv\u00e4rr \u00e4r det v\u00e4l den Bistra verkligheten att alla inte kan tycka om alla. Jag som person \u00e4r s\u00e5 att jag inte alls orkar \u00e4gna m\u00e4nniskor som jag inte g\u00e5r i hop med n\u00e5gon st\u00f6rre energi eller tid. <\/p>\n<p><a href='http:\/\/photo.blogpressapp.com\/show_photo.php?p=13\/02\/23\/1371.jpg'><img src='http:\/\/photo.blogpressapp.com\/photos\/13\/02\/23\/s_1371.jpg' border='0' width='400' height='400' style='margin:5px'><\/a><br \/>\nSnyggt med olika strumpor m\u00e5ste  jag s\u00e4ga, dem var ju inte ens lite lika. S\u00e5 kan det g\u00e5 n\u00e4r man enbart lyckas med att f\u00e5 med sig olika i tr\u00e4ningsv\u00e4skan.<\/p>\n<p><\/p>\n","protected":false},"excerpt":{"rendered":"<p>Sitter och ser melodifestivalen nu. Inget riktigt fan av det direkt men finns inte s\u00e5 mycket annat att se s\u00e5 h\u00e4r p\u00e5 l\u00f6rdagskv\u00e4llarna. Ska i alla fall kanske ut en sv\u00e4ng sen, f\u00e5r se. I s\u00e5 fall blir det att m\u00f6ta upp mina gamla klasskompisar som haft sittning. Kan bli kul. \u00c4r dock s\u00e5 sjukt &#8230; <a title=\"Oj nu var det l\u00f6rdag\" class=\"read-more\" href=\"https:\/\/blogg.improveme.se\/burman91\/oj-nu-var-det-lordag\/\" aria-label=\"L\u00e4s mer om Oj nu var det l\u00f6rdag\">L\u00e4s mer<\/a><\/p>\n","protected":false},"author":4308,"featured_media":0,"parent":0,"menu_order":0,"comment_status":"open","ping_status":"open","template":"","meta":{"footnotes":""},"class_list":["post-607","page","type-page","status-publish"],"_links":{"self":[{"href":"https:\/\/blogg.improveme.se\/burman91\/wp-json\/wp\/v2\/pages\/607","targetHints":{"allow":["GET"]}}],"collection":[{"href":"https:\/\/blogg.improveme.se\/burman91\/wp-json\/wp\/v2\/pages"}],"about":[{"href":"https:\/\/blogg.improveme.se\/burman91\/wp-json\/wp\/v2\/types\/page"}],"author":[{"embeddable":true,"href":"https:\/\/blogg.improveme.se\/burman91\/wp-json\/wp\/v2\/users\/4308"}],"replies":[{"embeddable":true,"href":"https:\/\/blogg.improveme.se\/burman91\/wp-json\/wp\/v2\/comments?post=607"}],"version-history":[{"count":0,"href":"https:\/\/blogg.improveme.se\/burman91\/wp-json\/wp\/v2\/pages\/607\/revisions"}],"wp:attachment":[{"href":"https:\/\/blogg.improveme.se\/burman91\/wp-json\/wp\/v2\/media?parent=607"}],"curies":[{"name":"wp","href":"https:\/\/api.w.org\/{rel}","templated":true}]}}