{"id":10,"date":"2015-07-06T16:14:27","date_gmt":"2015-07-06T14:14:27","guid":{"rendered":"http:\/\/blogg.improveme.se\/ellenperssonsodling\/?page_id=10"},"modified":"2015-07-06T16:14:27","modified_gmt":"2015-07-06T14:14:27","slug":"ellen-persson-sodling","status":"publish","type":"page","link":"https:\/\/blogg.improveme.se\/ellenperssonsodling\/ellen-persson-sodling\/","title":{"rendered":"Ellen Persson S\u00f6dling"},"content":{"rendered":"<p>Jag heter Ellen Persson S\u00f6dling och \u00e4r driftig och fram\u00e5t. Jag \u00e4r en tjej med mycket positiv energi och tycker om att anv\u00e4nda mina erfarenheter och kunskaper.<br \/>\nP\u00e5 fritiden sysslar jag mycket med smink, h\u00e5r, kl\u00e4der, h\u00e4lsa och hygien.<\/p>\n<p>H\u00e4r kommer i f\u00e5 ta del av min vardag, mina tankar och \u00e5sikter samt det mesta som kretsar runt mitt liv.<\/p>\n","protected":false},"excerpt":{"rendered":"<p>Jag heter Ellen Persson S\u00f6dling och \u00e4r driftig och fram\u00e5t. Jag \u00e4r en tjej med mycket positiv energi och tycker om att anv\u00e4nda mina erfarenheter och kunskaper. P\u00e5 fritiden sysslar jag mycket med smink, h\u00e5r, kl\u00e4der, h\u00e4lsa och hygien. H\u00e4r kommer i f\u00e5 ta del av min vardag, mina tankar och \u00e5sikter samt det mesta &#8230; <a title=\"Ellen Persson S\u00f6dling\" class=\"read-more\" href=\"https:\/\/blogg.improveme.se\/ellenperssonsodling\/ellen-persson-sodling\/\" aria-label=\"L\u00e4s mer om Ellen Persson S\u00f6dling\">L\u00e4s mer<\/a><\/p>\n","protected":false},"author":11549,"featured_media":0,"parent":0,"menu_order":0,"comment_status":"open","ping_status":"open","template":"","meta":{"footnotes":""},"class_list":["post-10","page","type-page","status-publish"],"_links":{"self":[{"href":"https:\/\/blogg.improveme.se\/ellenperssonsodling\/wp-json\/wp\/v2\/pages\/10","targetHints":{"allow":["GET"]}}],"collection":[{"href":"https:\/\/blogg.improveme.se\/ellenperssonsodling\/wp-json\/wp\/v2\/pages"}],"about":[{"href":"https:\/\/blogg.improveme.se\/ellenperssonsodling\/wp-json\/wp\/v2\/types\/page"}],"author":[{"embeddable":true,"href":"https:\/\/blogg.improveme.se\/ellenperssonsodling\/wp-json\/wp\/v2\/users\/11549"}],"replies":[{"embeddable":true,"href":"https:\/\/blogg.improveme.se\/ellenperssonsodling\/wp-json\/wp\/v2\/comments?post=10"}],"version-history":[{"count":0,"href":"https:\/\/blogg.improveme.se\/ellenperssonsodling\/wp-json\/wp\/v2\/pages\/10\/revisions"}],"wp:attachment":[{"href":"https:\/\/blogg.improveme.se\/ellenperssonsodling\/wp-json\/wp\/v2\/media?parent=10"}],"curies":[{"name":"wp","href":"https:\/\/api.w.org\/{rel}","templated":true}]}}