{"id":9703,"date":"2012-12-11T13:21:19","date_gmt":"2012-12-11T12:21:19","guid":{"rendered":"http:\/\/blogg.improveme.se\/emeliemattsson\/om\/"},"modified":"2012-12-11T13:21:19","modified_gmt":"2012-12-11T12:21:19","slug":"om","status":"publish","type":"page","link":"https:\/\/blogg.improveme.se\/emeliemattsson\/om\/","title":{"rendered":"Om"},"content":{"rendered":"<p>Det h\u00e4r \u00e4r ett exempel p\u00e5 en WordPress-sida. Du kan redigera den och l\u00e4gga in information om dig sj\u00e4lv eller din webbplats s\u00e5 att dina l\u00e4sare vet mer om din bakgrund. Du kan skapa hur m\u00e5nga liknande sidor eller undersidor som helst och hantera allt inneh\u00e5ll inom WordPress.<\/p>\n","protected":false},"excerpt":{"rendered":"<p>Det h\u00e4r \u00e4r ett exempel p\u00e5 en WordPress-sida. Du kan redigera den och l\u00e4gga in information om dig sj\u00e4lv eller din webbplats s\u00e5 att dina l\u00e4sare vet mer om din bakgrund. Du kan skapa hur m\u00e5nga liknande sidor eller undersidor som helst och hantera allt inneh\u00e5ll inom WordPress.<\/p>\n","protected":false},"author":1715,"featured_media":0,"parent":0,"menu_order":0,"comment_status":"open","ping_status":"open","template":"","meta":{"footnotes":""},"class_list":["post-9703","page","type-page","status-publish"],"_links":{"self":[{"href":"https:\/\/blogg.improveme.se\/emeliemattsson\/wp-json\/wp\/v2\/pages\/9703","targetHints":{"allow":["GET"]}}],"collection":[{"href":"https:\/\/blogg.improveme.se\/emeliemattsson\/wp-json\/wp\/v2\/pages"}],"about":[{"href":"https:\/\/blogg.improveme.se\/emeliemattsson\/wp-json\/wp\/v2\/types\/page"}],"author":[{"embeddable":true,"href":"https:\/\/blogg.improveme.se\/emeliemattsson\/wp-json\/wp\/v2\/users\/1715"}],"replies":[{"embeddable":true,"href":"https:\/\/blogg.improveme.se\/emeliemattsson\/wp-json\/wp\/v2\/comments?post=9703"}],"version-history":[{"count":0,"href":"https:\/\/blogg.improveme.se\/emeliemattsson\/wp-json\/wp\/v2\/pages\/9703\/revisions"}],"wp:attachment":[{"href":"https:\/\/blogg.improveme.se\/emeliemattsson\/wp-json\/wp\/v2\/media?parent=9703"}],"curies":[{"name":"wp","href":"https:\/\/api.w.org\/{rel}","templated":true}]}}