{"id":30,"date":"2015-03-11T19:35:44","date_gmt":"2015-03-12T02:35:44","guid":{"rendered":"http:\/\/blogg.improveme.se\/feliciao\/?page_id=30"},"modified":"2015-03-11T19:41:23","modified_gmt":"2015-03-12T02:41:23","slug":"about_me","status":"publish","type":"page","link":"https:\/\/blogg.improveme.se\/feliciao\/about_me\/","title":{"rendered":"Om mig &#8211; About me"},"content":{"rendered":"<p>Jag \u00e4r en 19 \u00e5rig tjej som \u00e4r bosatt i Kalifornien f\u00f6r tillf\u00e4llet. Jag jobbar som aupair och har gjort det sedan 26:e Juni 2014. Snart \u00e4r \u00e4ventyret slut men min dr\u00f6m \u00e4r att flytta tillbaks hit!<\/p>\n<p>&#8211;<\/p>\n<p>I&#8217;m a 19 years \u00a0old girl who currently lives in California. I work as an Aupair and I&#8217;ve been doing that since June 26th &#8211; 2014. My adventure is soon over, but my dream will always be to come back and be a part of California again.<\/p>\n","protected":false},"excerpt":{"rendered":"<p>Jag \u00e4r en 19 \u00e5rig tjej som \u00e4r bosatt i Kalifornien f\u00f6r tillf\u00e4llet. Jag jobbar som aupair och har gjort det sedan 26:e Juni 2014. Snart \u00e4r \u00e4ventyret slut men min dr\u00f6m \u00e4r att flytta tillbaks hit! &#8211; I&#8217;m a 19 years \u00a0old girl who currently lives in California. I work as an Aupair and &#8230; <a title=\"Om mig &#8211; About me\" class=\"read-more\" href=\"https:\/\/blogg.improveme.se\/feliciao\/about_me\/\" aria-label=\"L\u00e4s mer om Om mig &#8211; About me\">L\u00e4s mer<\/a><\/p>\n","protected":false},"author":10938,"featured_media":0,"parent":0,"menu_order":0,"comment_status":"open","ping_status":"open","template":"","meta":{"footnotes":""},"class_list":["post-30","page","type-page","status-publish"],"_links":{"self":[{"href":"https:\/\/blogg.improveme.se\/feliciao\/wp-json\/wp\/v2\/pages\/30","targetHints":{"allow":["GET"]}}],"collection":[{"href":"https:\/\/blogg.improveme.se\/feliciao\/wp-json\/wp\/v2\/pages"}],"about":[{"href":"https:\/\/blogg.improveme.se\/feliciao\/wp-json\/wp\/v2\/types\/page"}],"author":[{"embeddable":true,"href":"https:\/\/blogg.improveme.se\/feliciao\/wp-json\/wp\/v2\/users\/10938"}],"replies":[{"embeddable":true,"href":"https:\/\/blogg.improveme.se\/feliciao\/wp-json\/wp\/v2\/comments?post=30"}],"version-history":[{"count":0,"href":"https:\/\/blogg.improveme.se\/feliciao\/wp-json\/wp\/v2\/pages\/30\/revisions"}],"wp:attachment":[{"href":"https:\/\/blogg.improveme.se\/feliciao\/wp-json\/wp\/v2\/media?parent=30"}],"curies":[{"name":"wp","href":"https:\/\/api.w.org\/{rel}","templated":true}]}}