{"id":23,"date":"2014-01-20T23:54:11","date_gmt":"2014-01-20T22:54:11","guid":{"rendered":"http:\/\/blogg.improveme.se\/fillehhuss\/?page_id=23"},"modified":"2014-01-20T23:54:11","modified_gmt":"2014-01-20T22:54:11","slug":"old-but-gold","status":"publish","type":"page","link":"https:\/\/blogg.improveme.se\/fillehhuss\/old-but-gold\/","title":{"rendered":"Old but gold"},"content":{"rendered":"<p>Hittade lite gamla bilder sen f\u00f6rra vintern. Dom tiderna kommer jag ALDRIG att gl\u00f6mma&#8230;<\/p>\n<p><a href=\"http:\/\/blogg.improveme.se\/fillehhuss\/files\/2014\/01\/wpid-IMG_88261343494381.jpeg\"><img decoding=\"async\" class=\"alignnone size-full\" alt=\"image\" src=\"http:\/\/blogg.improveme.se\/fillehhuss\/files\/2014\/01\/wpid-IMG_88261343494381.jpeg\" \/><\/a><\/p>\n<p><a href=\"http:\/\/blogg.improveme.se\/fillehhuss\/files\/2014\/01\/wpid-IMG_88256513965574.jpeg\"><img decoding=\"async\" class=\"alignnone size-full\" alt=\"image\" src=\"http:\/\/blogg.improveme.se\/fillehhuss\/files\/2014\/01\/wpid-IMG_88256513965574.jpeg\" \/><\/a><\/p>\n<p><a href=\"http:\/\/blogg.improveme.se\/fillehhuss\/files\/2014\/01\/wpid-IMG_84991815630817.jpeg\"><img decoding=\"async\" class=\"alignnone size-full\" alt=\"image\" src=\"http:\/\/blogg.improveme.se\/fillehhuss\/files\/2014\/01\/wpid-IMG_84991815630817.jpeg\" \/><\/a><\/p>\n<p>Sen dessa l\u00e5tarna av medina. \u00c5hh vilka minnen!<br \/>\n<a href=\"http:\/\/m.youtube.com\/watch?v=BYmnBYVHB4w\">Medina- sagoland<\/a><\/p>\n<p><a href=\"http:\/\/m.youtube.com\/watch?v=i4x65SbS-IM\">Medina- D\u00e4r palmerna bor<\/a><\/p>\n<p>Nu b\u00e4ddar jag ner mig. Godnatt\u2661<\/p>\n","protected":false},"excerpt":{"rendered":"<p>Hittade lite gamla bilder sen f\u00f6rra vintern. Dom tiderna kommer jag ALDRIG att gl\u00f6mma&#8230; Sen dessa l\u00e5tarna av medina. \u00c5hh vilka minnen! Medina- sagoland Medina- D\u00e4r palmerna bor Nu b\u00e4ddar jag ner mig. Godnatt\u2661<\/p>\n","protected":false},"author":7032,"featured_media":0,"parent":0,"menu_order":0,"comment_status":"open","ping_status":"open","template":"","meta":{"footnotes":""},"class_list":["post-23","page","type-page","status-publish"],"_links":{"self":[{"href":"https:\/\/blogg.improveme.se\/fillehhuss\/wp-json\/wp\/v2\/pages\/23","targetHints":{"allow":["GET"]}}],"collection":[{"href":"https:\/\/blogg.improveme.se\/fillehhuss\/wp-json\/wp\/v2\/pages"}],"about":[{"href":"https:\/\/blogg.improveme.se\/fillehhuss\/wp-json\/wp\/v2\/types\/page"}],"author":[{"embeddable":true,"href":"https:\/\/blogg.improveme.se\/fillehhuss\/wp-json\/wp\/v2\/users\/7032"}],"replies":[{"embeddable":true,"href":"https:\/\/blogg.improveme.se\/fillehhuss\/wp-json\/wp\/v2\/comments?post=23"}],"version-history":[{"count":0,"href":"https:\/\/blogg.improveme.se\/fillehhuss\/wp-json\/wp\/v2\/pages\/23\/revisions"}],"wp:attachment":[{"href":"https:\/\/blogg.improveme.se\/fillehhuss\/wp-json\/wp\/v2\/media?parent=23"}],"curies":[{"name":"wp","href":"https:\/\/api.w.org\/{rel}","templated":true}]}}