{"id":193,"date":"2014-01-09T17:53:21","date_gmt":"2014-01-09T17:53:21","guid":{"rendered":"http:\/\/flygvardinnans.se\/?page_id=193"},"modified":"2014-01-09T17:53:21","modified_gmt":"2014-01-09T17:53:21","slug":"trip-advisor","status":"publish","type":"page","link":"https:\/\/blogg.improveme.se\/flygvardinnans\/trip-advisor\/","title":{"rendered":"Trip Advisor"},"content":{"rendered":"<p>Vill du l\u00e4sa om st\u00e4llen som jag bes\u00f6ker och hur jag rankar dom? Kolla d\u00e5 in min sida p\u00e5 TripAdvisor<\/p>\n<p>http:\/\/www.tripadvisor.se\/members\/Flygarinnan<\/p>\n","protected":false},"excerpt":{"rendered":"<p>Vill du l\u00e4sa om st\u00e4llen som jag bes\u00f6ker och hur jag rankar dom? Kolla d\u00e5 in min sida p\u00e5 TripAdvisor http:\/\/www.tripadvisor.se\/members\/Flygarinnan<\/p>\n","protected":false},"author":9774,"featured_media":0,"parent":0,"menu_order":0,"comment_status":"open","ping_status":"open","template":"","meta":{"footnotes":""},"class_list":["post-193","page","type-page","status-publish"],"_links":{"self":[{"href":"https:\/\/blogg.improveme.se\/flygvardinnans\/wp-json\/wp\/v2\/pages\/193","targetHints":{"allow":["GET"]}}],"collection":[{"href":"https:\/\/blogg.improveme.se\/flygvardinnans\/wp-json\/wp\/v2\/pages"}],"about":[{"href":"https:\/\/blogg.improveme.se\/flygvardinnans\/wp-json\/wp\/v2\/types\/page"}],"author":[{"embeddable":true,"href":"https:\/\/blogg.improveme.se\/flygvardinnans\/wp-json\/wp\/v2\/users\/9774"}],"replies":[{"embeddable":true,"href":"https:\/\/blogg.improveme.se\/flygvardinnans\/wp-json\/wp\/v2\/comments?post=193"}],"version-history":[{"count":0,"href":"https:\/\/blogg.improveme.se\/flygvardinnans\/wp-json\/wp\/v2\/pages\/193\/revisions"}],"wp:attachment":[{"href":"https:\/\/blogg.improveme.se\/flygvardinnans\/wp-json\/wp\/v2\/media?parent=193"}],"curies":[{"name":"wp","href":"https:\/\/api.w.org\/{rel}","templated":true}]}}