{"id":1226,"date":"2011-04-17T12:35:22","date_gmt":"2011-04-17T10:35:22","guid":{"rendered":"http:\/\/blogg.veckorevyn.com\/johannasskonhet\/?page_id=2"},"modified":"2011-04-17T12:35:22","modified_gmt":"2011-04-17T10:35:22","slug":"om-johanna","status":"publish","type":"page","link":"https:\/\/blogg.improveme.se\/johannasskonhet\/om-johanna\/","title":{"rendered":"Om Johanna"},"content":{"rendered":"<p>Den h\u00e4r bloggen\u00a0drivs av Johanna Nilsson som \u00e4r auktoriserad hudterapeut med internationell CIDESCO examen (examinerad p\u00e5 Gilda Skolan Stockholm), makeupartist (FACE Makeup School), massageterapeut och spaterapeut. Tidigare erfarenheter ifr\u00e5n Ellens Salong i Link\u00f6ping, Badhotellet i Tran\u00e5s d\u00e4r jag bland annat h\u00e5llt i f\u00f6rel\u00e4sningar inom hudv\u00e5rd, Vildmarkshotellets SPA i Kolm\u00e5rden.<\/p>\n<p>Har tidigare varit sk\u00f6nhetskr\u00f6nik\u00f6r i Link\u00f6pingsposten i sk\u00f6nhetsspalten &#8221;Johannas tankar om sk\u00f6nhet&#8221; och har \u00e4ven skrivit f\u00f6r Veckorevyn samt Aftonbladet, samt Cosmopolitan\u00a0som sk\u00f6nhetsexpert.\u00a0Har varit \u00a0sk\u00f6nhetskr\u00f6nik\u00f6r f\u00f6r Corren i paus. Sk\u00f6nhetsbloggat \u00e4ven p\u00e5 corren, d\u00e4r jag skrev och tipsade om sk\u00f6nhet och hudv\u00e5rd p\u00e5 Johannas sk\u00f6nhetsblogg.<\/p>\n<p>Johanna Nilsson har tidigare drivit salong Hudakademin d\u00e4r moderna och traditionella hudv\u00e5rdsbehandlingar funnits samt injektionsbehandlingar som har utf\u00f6rts av specialist inom plastikkirurgi.<\/p>\n<p>Johanna var den f\u00f6rsta som introducerade kemisk peeling p\u00e5 marknaden i Link\u00f6ping p\u00e5 sin salong Hudakademin, som kom att bli en eftertraktad behandling skulle det visa sig. Samt var den f\u00f6rsta hudterapeuten i Link\u00f6ping att kombinera injektionsbehandlingar med kraftfullare hudv\u00e5rdsbehandlingar som \u00a0kemisk peeling, medicinska ansiktsbehanlingar . Sk\u00f6nhet b\u00e5de inifr\u00e5n och utifr\u00e5n. Vilket var ett lyckat koncept. Som ocks\u00e5 m\u00e5nga andra salonger b\u00f6rjade att ta efter.<\/p>\n<p>Johanna har jobbat m\u00e5nga \u00e5r inom sk\u00f6nhetsbranchen och jobbar i dag som hudv\u00e5rsl\u00e4rare\/stylistl\u00e4rare d\u00e4r hon utbildar nya elever.\u00a0<\/p>\n<p>Johannassk\u00f6nhet\u00a0\u00e4r en sk\u00f6nhetssajt f\u00f6r sk\u00f6nhetsjunkies som \u00e4lskar allt som har med hudv\u00e5rd och smink och sk\u00f6nhet att g\u00f6ra \u00f6ver lag. H\u00e4r kommer tips p\u00e5 b\u00e4sta foundationen, eller lacket eller fuktkr\u00e4men, vilka produkter passa till vem? H\u00e4r kommer du att f\u00e5 svaren du inte f\u00e5r i aff\u00e4ren n\u00e4r du handlar. Efter mina \u00e5r inom sk\u00f6nhetsbranchen s\u00e5 kommer jag ge er dessa experttips fr\u00e5n hudterapeuten. H\u00e5lla er uppdaterade p\u00e5 allt inom sk\u00f6nhet och smink och framf\u00f6rallt hudv\u00e5rd. Allt fr\u00e5n en riktig sk\u00f6nhetsexpert!<\/p>\n","protected":false},"excerpt":{"rendered":"<p>Den h\u00e4r bloggen\u00a0drivs av Johanna Nilsson som \u00e4r auktoriserad hudterapeut med internationell CIDESCO examen (examinerad p\u00e5 Gilda Skolan Stockholm), makeupartist (FACE Makeup School), massageterapeut och spaterapeut. Tidigare erfarenheter ifr\u00e5n Ellens Salong i Link\u00f6ping, Badhotellet i Tran\u00e5s d\u00e4r jag bland annat h\u00e5llt i f\u00f6rel\u00e4sningar inom hudv\u00e5rd, Vildmarkshotellets SPA i Kolm\u00e5rden. Har tidigare varit sk\u00f6nhetskr\u00f6nik\u00f6r i Link\u00f6pingsposten &#8230; <a title=\"Om Johanna\" class=\"read-more\" href=\"https:\/\/blogg.improveme.se\/johannasskonhet\/om-johanna\/\" aria-label=\"L\u00e4s mer om Om Johanna\">L\u00e4s mer<\/a><\/p>\n","protected":false},"author":189,"featured_media":0,"parent":0,"menu_order":0,"comment_status":"open","ping_status":"closed","template":"","meta":{"footnotes":""},"class_list":["post-1226","page","type-page","status-publish"],"_links":{"self":[{"href":"https:\/\/blogg.improveme.se\/johannasskonhet\/wp-json\/wp\/v2\/pages\/1226","targetHints":{"allow":["GET"]}}],"collection":[{"href":"https:\/\/blogg.improveme.se\/johannasskonhet\/wp-json\/wp\/v2\/pages"}],"about":[{"href":"https:\/\/blogg.improveme.se\/johannasskonhet\/wp-json\/wp\/v2\/types\/page"}],"author":[{"embeddable":true,"href":"https:\/\/blogg.improveme.se\/johannasskonhet\/wp-json\/wp\/v2\/users\/189"}],"replies":[{"embeddable":true,"href":"https:\/\/blogg.improveme.se\/johannasskonhet\/wp-json\/wp\/v2\/comments?post=1226"}],"version-history":[{"count":0,"href":"https:\/\/blogg.improveme.se\/johannasskonhet\/wp-json\/wp\/v2\/pages\/1226\/revisions"}],"wp:attachment":[{"href":"https:\/\/blogg.improveme.se\/johannasskonhet\/wp-json\/wp\/v2\/media?parent=1226"}],"curies":[{"name":"wp","href":"https:\/\/api.w.org\/{rel}","templated":true}]}}