{"id":12,"date":"2015-03-21T16:27:16","date_gmt":"2015-03-21T15:27:16","guid":{"rendered":"http:\/\/blogg.improveme.se\/katriinakananen\/?page_id=12"},"modified":"2015-03-21T16:27:16","modified_gmt":"2015-03-21T15:27:16","slug":"tjugo-saker-om-mig-%e2%99%a5","status":"publish","type":"page","link":"https:\/\/blogg.improveme.se\/katriinakananen\/tjugo-saker-om-mig-%e2%99%a5\/","title":{"rendered":"Tjugo saker om mig.\u2665"},"content":{"rendered":"<p style=\"text-align: left\">1. 15 \u00e5rig \u00a0flicka fr\u00e5n Finland.<\/p>\n<p>2.Jag \u00e4lskar min familj \u00a0och mina v\u00e4nner \u00e4r det\u00a0viktigaste\u00a0\u00a0f\u00f6r mig! \u2665<\/p>\n<p>3.Jag \u00e4r intresserad av m\u00e4rkeskl\u00e4der och lyxiga v\u00e4skor.\u00a0 Jag \u00e4lskar kl\u00e4der, v\u00e4skor och Mode. S\u00e5 min blogg handlar mycket om mode och vackra saker.<\/p>\n<p>4.Jag gillar att baka och prova nya resept.<\/p>\n<p>5.Jag \u00e4lskar att resa.<\/p>\n<p>6.Jag \u00e4lskar att dekorera och m\u00f6blera\u00a0om\u00a0mitt rum.<\/p>\n<p>7.Jag \u00e4lskar l\u00e4sa True Blood och kolla p\u00e5 den fr\u00e5n HBO.<\/p>\n<p>8.Jag har \u00a0v\u00e4rldens s\u00f6taste kanin.<\/p>\n<p>9.Jag bor p\u00e5 landet.<\/p>\n<p>10.Jag gillar musik.<\/p>\n<p>11.Jag har just bytat min telefon till\u00a0 I Phone 6+.<\/p>\n<p>12.Jag gillar att tr\u00e4na, framf\u00f6rallt att jogga.<\/p>\n<p>13.Jag ska forts\u00e4tta till\u00a0 gymnasium efter nian.<\/p>\n<p>14.Bra produkter som jag anv\u00e4nt \u00e4r fr\u00e5n Biotherm, Chanel, YSL, Oriflame (Sweden), VS, och Mary Kay.<\/p>\n<p>15.Min favorit doftljus \u00e4r vanilj och dragon fruit fr\u00e5n Yankee Candle.<\/p>\n<p>16.Jag \u00e4lskar parfymer,\u00a0 Victorias Secret Angel doftar underbart.\u2665<\/p>\n<p>17.Mina favorit kl\u00e4der m\u00e4rke \u00e4r, Ralph Lauren, Tommy Hilfiger, Calvin Klein, Lacoste och Peak Performance.<\/p>\n<p>18.Jag \u00e4lskar\u00a0 Sverige, jag reser ganska ofta till Sverige f\u00f6r mina kusiner och min mormor och morfar bor d\u00e4r.<\/p>\n<p>19.Jag \u00e4r galen\u00a0i Victoria\u00b4s Secret produkter. Ber\u00e4tta\u00a0f\u00f6r\u00a0 mig om du vet\u00a0var man \u00a0kan\u00a0 k\u00f6pa sminkp\u00e5sar\u00a0\u00a0fr\u00e5n VS. Tack!\u2665<\/p>\n<p>20.Jag gillar att\u00a0shoppa p\u00e5 n\u00e4tet. Mina favorit sidan \u00e4r Nelly.fi (D\u00e4r finns ocks\u00e5 kl\u00e4der och skor fr\u00e5n Ralph Lauren.\u2665)<\/p>\n<p>&nbsp;<\/p>\n<p>Puss &amp; kram\u2665\u00a0\u00a0 \u00a0Katriina<\/p>\n","protected":false},"excerpt":{"rendered":"<p>1. 15 \u00e5rig \u00a0flicka fr\u00e5n Finland. 2.Jag \u00e4lskar min familj \u00a0och mina v\u00e4nner \u00e4r det\u00a0viktigaste\u00a0\u00a0f\u00f6r mig! \u2665 3.Jag \u00e4r intresserad av m\u00e4rkeskl\u00e4der och lyxiga v\u00e4skor.\u00a0 Jag \u00e4lskar kl\u00e4der, v\u00e4skor och Mode. S\u00e5 min blogg handlar mycket om mode och vackra saker. 4.Jag gillar att baka och prova nya resept. 5.Jag \u00e4lskar att resa. 6.Jag \u00e4lskar &#8230; <a title=\"Tjugo saker om mig.\u2665\" class=\"read-more\" href=\"https:\/\/blogg.improveme.se\/katriinakananen\/tjugo-saker-om-mig-%e2%99%a5\/\" aria-label=\"L\u00e4s mer om Tjugo saker om mig.\u2665\">L\u00e4s mer<\/a><\/p>\n","protected":false},"author":11088,"featured_media":0,"parent":0,"menu_order":0,"comment_status":"open","ping_status":"open","template":"","meta":{"footnotes":""},"class_list":["post-12","page","type-page","status-publish"],"_links":{"self":[{"href":"https:\/\/blogg.improveme.se\/katriinakananen\/wp-json\/wp\/v2\/pages\/12","targetHints":{"allow":["GET"]}}],"collection":[{"href":"https:\/\/blogg.improveme.se\/katriinakananen\/wp-json\/wp\/v2\/pages"}],"about":[{"href":"https:\/\/blogg.improveme.se\/katriinakananen\/wp-json\/wp\/v2\/types\/page"}],"author":[{"embeddable":true,"href":"https:\/\/blogg.improveme.se\/katriinakananen\/wp-json\/wp\/v2\/users\/11088"}],"replies":[{"embeddable":true,"href":"https:\/\/blogg.improveme.se\/katriinakananen\/wp-json\/wp\/v2\/comments?post=12"}],"version-history":[{"count":0,"href":"https:\/\/blogg.improveme.se\/katriinakananen\/wp-json\/wp\/v2\/pages\/12\/revisions"}],"wp:attachment":[{"href":"https:\/\/blogg.improveme.se\/katriinakananen\/wp-json\/wp\/v2\/media?parent=12"}],"curies":[{"name":"wp","href":"https:\/\/api.w.org\/{rel}","templated":true}]}}