{"id":4,"date":"2013-11-22T22:47:47","date_gmt":"2013-11-22T22:47:47","guid":{"rendered":"http:\/\/keypearl.wordpress.com\/?page_id=1"},"modified":"2013-11-22T22:47:47","modified_gmt":"2013-11-22T22:47:47","slug":"about","status":"publish","type":"page","link":"https:\/\/blogg.improveme.se\/keypearl\/about\/","title":{"rendered":"About"},"content":{"rendered":"<p>Vill vara mer spontan och impulsiv.<br \/>\nEnda g\u00e5ngen jag \u00e4r impulsiv \u00e4r n\u00e4r<br \/>\njag handlar eller shoppar kl\u00e4der.<\/p>\n<p>Vill orka sprida mer gl\u00e4dje och<br \/>\nk\u00e4rlek. Vill skapa f\u00f6ruts\u00e4ttningar<br \/>\nf\u00f6r mig sj\u00e4lv att kunna g\u00f6ra det<br \/>\nd\u00e4rf\u00f6r \ud83d\ude09<\/p>\n<p>Letar efter svar p\u00e5 existentiella<br \/>\nfr\u00e5gor och s\u00e5nt som r\u00f6r livet.<br \/>\nDr\u00f6mmar:\u00a0Tv\u00e4rfl\u00f6jt o nyckelharpa<br \/>\nkunna spela.<br \/>\nSkulle vara roligt med n\u00e5gra spr\u00e5k<br \/>\nmed det vill s\u00e4ga\u00a0teckenspr\u00e5k och<br \/>\ntyska fr\u00e4mst&#8230;<br \/>\n(Men f\u00f6r sent..)<\/p>\n","protected":false},"excerpt":{"rendered":"<p>Vill vara mer spontan och impulsiv. Enda g\u00e5ngen jag \u00e4r impulsiv \u00e4r n\u00e4r jag handlar eller shoppar kl\u00e4der. Vill orka sprida mer gl\u00e4dje och k\u00e4rlek. Vill skapa f\u00f6ruts\u00e4ttningar f\u00f6r mig sj\u00e4lv att kunna g\u00f6ra det d\u00e4rf\u00f6r \ud83d\ude09 Letar efter svar p\u00e5 existentiella fr\u00e5gor och s\u00e5nt som r\u00f6r livet. Dr\u00f6mmar:\u00a0Tv\u00e4rfl\u00f6jt o nyckelharpa kunna spela. Skulle vara &#8230; <a title=\"About\" class=\"read-more\" href=\"https:\/\/blogg.improveme.se\/keypearl\/about\/\" aria-label=\"L\u00e4s mer om About\">L\u00e4s mer<\/a><\/p>\n","protected":false},"author":6732,"featured_media":0,"parent":0,"menu_order":4,"comment_status":"open","ping_status":"closed","template":"","meta":{"footnotes":""},"class_list":["post-4","page","type-page","status-publish"],"_links":{"self":[{"href":"https:\/\/blogg.improveme.se\/keypearl\/wp-json\/wp\/v2\/pages\/4","targetHints":{"allow":["GET"]}}],"collection":[{"href":"https:\/\/blogg.improveme.se\/keypearl\/wp-json\/wp\/v2\/pages"}],"about":[{"href":"https:\/\/blogg.improveme.se\/keypearl\/wp-json\/wp\/v2\/types\/page"}],"author":[{"embeddable":true,"href":"https:\/\/blogg.improveme.se\/keypearl\/wp-json\/wp\/v2\/users\/6732"}],"replies":[{"embeddable":true,"href":"https:\/\/blogg.improveme.se\/keypearl\/wp-json\/wp\/v2\/comments?post=4"}],"version-history":[{"count":0,"href":"https:\/\/blogg.improveme.se\/keypearl\/wp-json\/wp\/v2\/pages\/4\/revisions"}],"wp:attachment":[{"href":"https:\/\/blogg.improveme.se\/keypearl\/wp-json\/wp\/v2\/media?parent=4"}],"curies":[{"name":"wp","href":"https:\/\/api.w.org\/{rel}","templated":true}]}}