{"id":51,"date":"2013-11-27T08:08:11","date_gmt":"2013-11-27T08:08:11","guid":{"rendered":"http:\/\/keypearl.wordpress.com\/?page_id=51"},"modified":"2013-11-27T08:08:11","modified_gmt":"2013-11-27T08:08:11","slug":"personligheten","status":"publish","type":"page","link":"https:\/\/blogg.improveme.se\/keypearl\/personligheten\/","title":{"rendered":"Personligheten:"},"content":{"rendered":"<p>I grupper \u00e4r kanske de fleste en\u00a0given roll;<br \/>\nalltid samma.\u00a0Ledaren, andre ledaren,<br \/>\noutsidern,\u00a0dr\u00f6mmaren, flocken etc &#8230;\u00a0Men<br \/>\nsom ensam person kan man v\u00e4l vara.\u00a0Normal,<br \/>\nvanlig, bitch, bitter, gammalmodig,\u00a0Uberkvinlig,<br \/>\nfeminist etc.<\/p>\n<p><span style=\"line-height:1.5\">Tanken var att inte s\u00e4tta i ett fack men \u00e4r l\u00e4tt<br \/>\n<\/span>fast i en fasad eller inm\u00e5lad i ett h\u00f6rn typ&#8230;<br \/>\nSer mig sj\u00e4lv som udda och annorlunda.<\/p>\n<p>Andra l\u00e4r k\u00e4nna sig sj\u00e4lva via andra m\u00e4nniskor<br \/>\nmer.\u00a0Det s\u00e4gs ofta man m\u00e5ste \u00e4lska\u00a0sig sj\u00e4lv\u00a0innan<br \/>\nman kan \u00e4lskas (och \u00e4lska\u00a0sj\u00e4lva kan\u00a0v\u00e4l\u00a0de\u00a0flesta<br \/>\ng\u00f6ra i alla fall? p\u00e5 n\u00e5t vis!! om \u00e4n vissa\u00a0vill\u00a0\u00e4lskas<br \/>\noch andra ha k\u00e4rlek och vissa beh\u00f6ver typ\u00a0&#8221;hatas&#8221;)<br \/>\nOch\u00a0s\u00e4ttet\u00a0man g\u00f6r detta\u00a0p\u00e5 \u00e4r var och ens\u00a0men jag<br \/>\n\u00e4r\u00a0\u00e4nd\u00e5\u00a0mer annorlunda\u00a0\u00e4n vanlig och normal\u00a0s.a.s!!!<\/p>\n<p>Teaterapa och dramaqueen kan vara liknande<br \/>\nvarann.\u00a0Men det ena \u00e4r som inm\u00e5llat i h\u00f6rnet!<br \/>\nOch vissa har\u00a0behovet av det i f\u00f6rh\u00e5llanden eller i<br \/>\nrelationerna till\u00a0andra m\u00e4nniskor pga sig sj\u00e4lv eller<br \/>\nf\u00f6r andras skull\u00a0eller win-win situation&#8230; Och s\u00e5<br \/>\nfinns ju riktig sk\u00e5dis\u00a0med\u00a0eller n\u00e5n som \u00e4r med i<br \/>\nriktiga teaterpj\u00e4ser men\u00a0\u00e4nd\u00e5\u00a0i det dolda ramp-<br \/>\nljuset!!! Men nog i vikklet en av\u00a0dessa\u00a03 typer<br \/>\nadrenalin-kul-ruscher!! Vilket jag avskytt<br \/>\nmen\u00a0vill inte ha n\u00e5t annat \u00e4n p\u00e5 grund av tristessen<br \/>\nfinns\u00a0inget absolut inget v\u00e4rre \u00e4n&#8230;.<\/p>\n","protected":false},"excerpt":{"rendered":"<p>I grupper \u00e4r kanske de fleste en\u00a0given roll; alltid samma.\u00a0Ledaren, andre ledaren, outsidern,\u00a0dr\u00f6mmaren, flocken etc &#8230;\u00a0Men som ensam person kan man v\u00e4l vara.\u00a0Normal, vanlig, bitch, bitter, gammalmodig,\u00a0Uberkvinlig, feminist etc. Tanken var att inte s\u00e4tta i ett fack men \u00e4r l\u00e4tt fast i en fasad eller inm\u00e5lad i ett h\u00f6rn typ&#8230; Ser mig sj\u00e4lv som udda &#8230; <a title=\"Personligheten:\" class=\"read-more\" href=\"https:\/\/blogg.improveme.se\/keypearl\/personligheten\/\" aria-label=\"L\u00e4s mer om Personligheten:\">L\u00e4s mer<\/a><\/p>\n","protected":false},"author":6732,"featured_media":0,"parent":0,"menu_order":5,"comment_status":"open","ping_status":"open","template":"","meta":{"footnotes":""},"class_list":["post-51","page","type-page","status-publish"],"_links":{"self":[{"href":"https:\/\/blogg.improveme.se\/keypearl\/wp-json\/wp\/v2\/pages\/51","targetHints":{"allow":["GET"]}}],"collection":[{"href":"https:\/\/blogg.improveme.se\/keypearl\/wp-json\/wp\/v2\/pages"}],"about":[{"href":"https:\/\/blogg.improveme.se\/keypearl\/wp-json\/wp\/v2\/types\/page"}],"author":[{"embeddable":true,"href":"https:\/\/blogg.improveme.se\/keypearl\/wp-json\/wp\/v2\/users\/6732"}],"replies":[{"embeddable":true,"href":"https:\/\/blogg.improveme.se\/keypearl\/wp-json\/wp\/v2\/comments?post=51"}],"version-history":[{"count":0,"href":"https:\/\/blogg.improveme.se\/keypearl\/wp-json\/wp\/v2\/pages\/51\/revisions"}],"wp:attachment":[{"href":"https:\/\/blogg.improveme.se\/keypearl\/wp-json\/wp\/v2\/media?parent=51"}],"curies":[{"name":"wp","href":"https:\/\/api.w.org\/{rel}","templated":true}]}}