{"id":6,"date":"2013-11-23T07:50:05","date_gmt":"2013-11-23T07:50:05","guid":{"rendered":"http:\/\/keypearl.wordpress.com\/?page_id=5"},"modified":"2013-11-23T07:50:05","modified_gmt":"2013-11-23T07:50:05","slug":"vad-jag-vill","status":"publish","type":"page","link":"https:\/\/blogg.improveme.se\/keypearl\/vad-jag-vill\/","title":{"rendered":"Vad jag vill:"},"content":{"rendered":"<p>Jag \u00e4r en person som intresserar mig<br \/>\nmkt f\u00f6r att folk ska ha det bra.<br \/>\n(M\u00e4nniskors\u00a0siffror\u00a0viktigare \u00e4n siffror i<br \/>\np\u00e4rmar&#8230;)<br \/>\n\u00c4r naturligtvis m\u00e5n om att sj\u00e4lv ska ha<br \/>\ndet bra n\u00e4r jag inte \u00e4r i ett f\u00f6rh\u00e5llande.<\/p>\n<p>Bloggen ska vara om mina tankar om<br \/>\nlivet, k\u00e4rlek. Och samh\u00e4llet i stort.<br \/>\nT\u00e4nker mkt p\u00e5 hur samh\u00e4llet kan bli<br \/>\nb\u00e4ttre! Samh\u00e4llsmedveten och globalt<br \/>\nmedveten s\u00e5som nationellt! Har en<br \/>\nfaiblesse f\u00f6r att hj\u00e4lpa folk som har det<br \/>\nsv\u00e5rt oberoende om jag sj\u00e4lv \u00e4r d\u00e4r.<br \/>\neller rik!<\/p>\n<p>Auror\u00a0och energier \u00e4r\u00a0v\u00e4ldigt kul och<br \/>\ngivande att utforska k\u00e4nner jag. Allt<br \/>\nmedialt etc&#8230; Ska dela med mig om jag<br \/>\nreagerar p\u00e5 n\u00e5t eller kommer p\u00e5 n\u00e5t<br \/>\n&#8221;nytt&#8221;&#8230;<\/p>\n","protected":false},"excerpt":{"rendered":"<p>Jag \u00e4r en person som intresserar mig mkt f\u00f6r att folk ska ha det bra. (M\u00e4nniskors\u00a0siffror\u00a0viktigare \u00e4n siffror i p\u00e4rmar&#8230;) \u00c4r naturligtvis m\u00e5n om att sj\u00e4lv ska ha det bra n\u00e4r jag inte \u00e4r i ett f\u00f6rh\u00e5llande. Bloggen ska vara om mina tankar om livet, k\u00e4rlek. Och samh\u00e4llet i stort. T\u00e4nker mkt p\u00e5 hur samh\u00e4llet &#8230; <a title=\"Vad jag vill:\" class=\"read-more\" href=\"https:\/\/blogg.improveme.se\/keypearl\/vad-jag-vill\/\" aria-label=\"L\u00e4s mer om Vad jag vill:\">L\u00e4s mer<\/a><\/p>\n","protected":false},"author":6732,"featured_media":0,"parent":0,"menu_order":2,"comment_status":"open","ping_status":"open","template":"","meta":{"footnotes":""},"class_list":["post-6","page","type-page","status-publish"],"_links":{"self":[{"href":"https:\/\/blogg.improveme.se\/keypearl\/wp-json\/wp\/v2\/pages\/6","targetHints":{"allow":["GET"]}}],"collection":[{"href":"https:\/\/blogg.improveme.se\/keypearl\/wp-json\/wp\/v2\/pages"}],"about":[{"href":"https:\/\/blogg.improveme.se\/keypearl\/wp-json\/wp\/v2\/types\/page"}],"author":[{"embeddable":true,"href":"https:\/\/blogg.improveme.se\/keypearl\/wp-json\/wp\/v2\/users\/6732"}],"replies":[{"embeddable":true,"href":"https:\/\/blogg.improveme.se\/keypearl\/wp-json\/wp\/v2\/comments?post=6"}],"version-history":[{"count":0,"href":"https:\/\/blogg.improveme.se\/keypearl\/wp-json\/wp\/v2\/pages\/6\/revisions"}],"wp:attachment":[{"href":"https:\/\/blogg.improveme.se\/keypearl\/wp-json\/wp\/v2\/media?parent=6"}],"curies":[{"name":"wp","href":"https:\/\/api.w.org\/{rel}","templated":true}]}}