{"id":18,"date":"2015-03-18T13:41:16","date_gmt":"2015-03-18T12:41:16","guid":{"rendered":"https:\/\/allxanja.wordpress.com\/?page_id=17"},"modified":"2015-03-18T13:41:16","modified_gmt":"2015-03-18T12:41:16","slug":"mer-om-mig","status":"publish","type":"page","link":"https:\/\/blogg.improveme.se\/lifexanja\/mer-om-mig\/","title":{"rendered":"Om mig!"},"content":{"rendered":"<p><a href=\"http:\/\/blogg.improveme.se\/lifexanja\/files\/2015\/03\/img_4860.jpg\"><br \/>\n<\/a><br \/>\n<a href=\"http:\/\/blogg.improveme.se\/lifexanja\/files\/2015\/03\/img_4587.jpg\"><img loading=\"lazy\" decoding=\"async\" class=\" size-medium wp-image-19 aligncenter\" src=\"http:\/\/blogg.improveme.se\/lifexanja\/files\/2015\/03\/img_4587.jpg?w=225\" alt=\"IMG_4587\" width=\"225\" height=\"300\" \/><\/a><\/p>\n<p style=\"text-align:center\">Hejhej!<\/p>\n<p style=\"text-align:center\">H\u00e4r \u00e4r jag, Anja Bj\u00f6rklund, f\u00f6dd en kall och sn\u00f6ig dag den 21 December 1995. Just nu g\u00e5r jag sista \u00e5ret p\u00e5 Plusgymnasiet med inriktning hudv\u00e5rd och massage. Jag \u00e4r en glad och spontan tjej som \u00e4lskar det mesta som har med sk\u00f6nhet att g\u00f6ra men ut\u00f6ver det \u00e4lskar jag \u00e4ven matlagning, att baka och att fotografera. Jag hatar falska och tr\u00e5kiga m\u00e4nniskor och l\u00e4gger inte energi p\u00e5 s\u00e5nt som f\u00e5r mig att m\u00e5 d\u00e5ligt. Har ni fr\u00e5gor om eller undrar \u00f6ver n\u00e5got \u00e4r det bara att skriva en kommentar h\u00e4r p\u00e5 bloggen eller maila mig p\u00e5 (anja.bjorklund95@hotmail.com).<\/p>\n<p style=\"text-align:center\">Kram p\u00e5 dig!<\/p>\n","protected":false},"excerpt":{"rendered":"<p>Hejhej! H\u00e4r \u00e4r jag, Anja Bj\u00f6rklund, f\u00f6dd en kall och sn\u00f6ig dag den 21 December 1995. Just nu g\u00e5r jag sista \u00e5ret p\u00e5 Plusgymnasiet med inriktning hudv\u00e5rd och massage. Jag \u00e4r en glad och spontan tjej som \u00e4lskar det mesta som har med sk\u00f6nhet att g\u00f6ra men ut\u00f6ver det \u00e4lskar jag \u00e4ven matlagning, att baka &#8230; <a title=\"Om mig!\" class=\"read-more\" href=\"https:\/\/blogg.improveme.se\/lifexanja\/mer-om-mig\/\" aria-label=\"L\u00e4s mer om Om mig!\">L\u00e4s mer<\/a><\/p>\n","protected":false},"author":11082,"featured_media":0,"parent":0,"menu_order":0,"comment_status":"open","ping_status":"open","template":"","meta":{"footnotes":""},"class_list":["post-18","page","type-page","status-publish"],"_links":{"self":[{"href":"https:\/\/blogg.improveme.se\/lifexanja\/wp-json\/wp\/v2\/pages\/18","targetHints":{"allow":["GET"]}}],"collection":[{"href":"https:\/\/blogg.improveme.se\/lifexanja\/wp-json\/wp\/v2\/pages"}],"about":[{"href":"https:\/\/blogg.improveme.se\/lifexanja\/wp-json\/wp\/v2\/types\/page"}],"author":[{"embeddable":true,"href":"https:\/\/blogg.improveme.se\/lifexanja\/wp-json\/wp\/v2\/users\/11082"}],"replies":[{"embeddable":true,"href":"https:\/\/blogg.improveme.se\/lifexanja\/wp-json\/wp\/v2\/comments?post=18"}],"version-history":[{"count":0,"href":"https:\/\/blogg.improveme.se\/lifexanja\/wp-json\/wp\/v2\/pages\/18\/revisions"}],"wp:attachment":[{"href":"https:\/\/blogg.improveme.se\/lifexanja\/wp-json\/wp\/v2\/media?parent=18"}],"curies":[{"name":"wp","href":"https:\/\/api.w.org\/{rel}","templated":true}]}}