{"id":26,"date":"2015-03-18T14:12:06","date_gmt":"2015-03-18T13:12:06","guid":{"rendered":"https:\/\/allxanja.wordpress.com\/?page_id=26"},"modified":"2015-03-18T14:12:06","modified_gmt":"2015-03-18T13:12:06","slug":"kategorier","status":"publish","type":"page","link":"https:\/\/blogg.improveme.se\/lifexanja\/kategorier\/","title":{"rendered":"Kategorier"},"content":{"rendered":"<h1>MODE<\/h1>\n<h1>SK\u00d6NHET<\/h1>\n<h1>H\u00c4LSA<\/h1>\n<h1>HUDV\u00c5RD<\/h1>\n<h1>ALLM\u00c4NT<\/h1>\n<h1>RECEPT<\/h1>\n<h1>BILDER<\/h1>\n","protected":false},"excerpt":{"rendered":"<p>MODE SK\u00d6NHET H\u00c4LSA HUDV\u00c5RD ALLM\u00c4NT RECEPT BILDER<\/p>\n","protected":false},"author":11082,"featured_media":0,"parent":0,"menu_order":0,"comment_status":"open","ping_status":"open","template":"","meta":{"footnotes":""},"class_list":["post-26","page","type-page","status-publish"],"_links":{"self":[{"href":"https:\/\/blogg.improveme.se\/lifexanja\/wp-json\/wp\/v2\/pages\/26","targetHints":{"allow":["GET"]}}],"collection":[{"href":"https:\/\/blogg.improveme.se\/lifexanja\/wp-json\/wp\/v2\/pages"}],"about":[{"href":"https:\/\/blogg.improveme.se\/lifexanja\/wp-json\/wp\/v2\/types\/page"}],"author":[{"embeddable":true,"href":"https:\/\/blogg.improveme.se\/lifexanja\/wp-json\/wp\/v2\/users\/11082"}],"replies":[{"embeddable":true,"href":"https:\/\/blogg.improveme.se\/lifexanja\/wp-json\/wp\/v2\/comments?post=26"}],"version-history":[{"count":0,"href":"https:\/\/blogg.improveme.se\/lifexanja\/wp-json\/wp\/v2\/pages\/26\/revisions"}],"wp:attachment":[{"href":"https:\/\/blogg.improveme.se\/lifexanja\/wp-json\/wp\/v2\/media?parent=26"}],"curies":[{"name":"wp","href":"https:\/\/api.w.org\/{rel}","templated":true}]}}