{"id":3365,"date":"2013-03-11T21:24:45","date_gmt":"2013-03-11T21:24:45","guid":{"rendered":"http:\/\/missjojo.se\/?page_id=3365"},"modified":"2013-03-11T21:24:45","modified_gmt":"2013-03-11T21:24:45","slug":"om-2","status":"publish","type":"page","link":"https:\/\/blogg.improveme.se\/missjojo\/om-2\/","title":{"rendered":"OM"},"content":{"rendered":"<p><strong>V\u00e4lkommen till min blogg!<\/strong><\/p>\n<p>Detta \u00e4r en blogg som handlar om sj\u00e4lvk\u00e4nsla. H\u00e4r tar jag upp olika tankar, delar med mig av mina erfarenheter och inspirerar med olika tips f\u00f6r en b\u00e4ttre sj\u00e4lvk\u00e4nsla och v\u00e4lm\u00e5ende. Och givetvis ber\u00e4ttar jag om min vardag och lite annat, f\u00f6r vad vore en blogg utan detta?<\/p>\n<p>&nbsp;<\/p>\n<p><i>Vem \u00e4r jag?<\/i><\/p>\n<p>Jag \u00e4r en 27-\u00e5rig tjej som sakta men s\u00e4kert b\u00f6rjar finna sig sj\u00e4lv som en ung kvinna ute i v\u00e4rlden. Jag st\u00e5r precis d\u00e4r p\u00e5 gr\u00e4nsen med ena foten fortfarande p\u00e5 ungdomens sida, os\u00e4ker men dr\u00f6mmande, och med andra foten mot v\u00e4rlden som en ung kvinna, genuin mot mig sj\u00e4lv och redo att ta min plats i denna v\u00e4rld.<\/p>\n<p>Mitt st\u00f6rsta hinder och utvecklingsomr\u00e5de just nu \u00e4r min sj\u00e4lvk\u00e4nsla. Efter en tid av d\u00e5liga val och en skev syn p\u00e5 mig sj\u00e4lv och omv\u00e4rlden, har jag b\u00f6rjat ta tag i mitt eget m\u00e5ende. Detta genom att jobba p\u00e5 min sj\u00e4lvk\u00e4nsla och str\u00e4va efter att leva som den person som jag k\u00e4nner mig inombords som \u2013 ist\u00e4llet f\u00f6r att leva ett liv genom r\u00e4dsla, oro och stress. Min blogg har jag dels f\u00f6r mig sj\u00e4lv i ett terapeutisk syfte, men \u00e4ven f\u00f6r att inspirera och hj\u00e4lpa andra. F\u00f6r vet ni vad? Det finns miljoner av oss som k\u00e4nner p\u00e5 detta vis. Och vad \u00e4r b\u00e4ttre \u00e4n att hj\u00e4lpa och st\u00f6tta varandra?<\/p>\n<p>&nbsp;<\/p>\n<p><i>Bakgrundsfakta om mig:<\/i><\/p>\n<p>Heter Joanna, \u00e4r 27 \u00e5r gammal, bor i Malm\u00f6 med min sambo och k\u00e4ra rottis. Arbetar p\u00e5 ett f\u00f6rs\u00e4kringsbolag. Har en kandidatexamen i psykologi (n\u00e5got som jag vill vidareutbilda mig i inom kort) och en utbildning inom Tv och Media produktion. Min dr\u00f6m \u00e4r att arbeta med och hj\u00e4lpa m\u00e4nniskor i utsatta l\u00e4gen. Om jag skulle beskriva mig som person skulle jag nog s\u00e4ga att jag \u00e4r kreativ; jag \u00e4lskar att skapa och t\u00e4nka i helt osannolika banor. Har ett STORT musikintresse. Jag \u00e4r egentligen inte mycket f\u00f6r presentationer och beskrivningar av en sj\u00e4lv (f\u00f6r hur subjektivt \u00e4r det egentligen?), s\u00e5 mer om mig som person, mina intressen, vardagar och annat, f\u00e5r ni l\u00e4sa om i bloggen och skapa er en egen uppfattning om =)<\/p>\n<p>&nbsp;<\/p>\n<p>One love &lt;3<\/p>\n<p><b><i>Jojo<\/i><\/b><\/p>\n","protected":false},"excerpt":{"rendered":"<p>V\u00e4lkommen till min blogg! Detta \u00e4r en blogg som handlar om sj\u00e4lvk\u00e4nsla. H\u00e4r tar jag upp olika tankar, delar med mig av mina erfarenheter och inspirerar med olika tips f\u00f6r en b\u00e4ttre sj\u00e4lvk\u00e4nsla och v\u00e4lm\u00e5ende. Och givetvis ber\u00e4ttar jag om min vardag och lite annat, f\u00f6r vad vore en blogg utan detta? &nbsp; Vem \u00e4r &#8230; <a title=\"OM\" class=\"read-more\" href=\"https:\/\/blogg.improveme.se\/missjojo\/om-2\/\" aria-label=\"L\u00e4s mer om OM\">L\u00e4s mer<\/a><\/p>\n","protected":false},"author":4920,"featured_media":0,"parent":0,"menu_order":0,"comment_status":"open","ping_status":"open","template":"","meta":{"footnotes":""},"class_list":["post-3365","page","type-page","status-publish"],"_links":{"self":[{"href":"https:\/\/blogg.improveme.se\/missjojo\/wp-json\/wp\/v2\/pages\/3365","targetHints":{"allow":["GET"]}}],"collection":[{"href":"https:\/\/blogg.improveme.se\/missjojo\/wp-json\/wp\/v2\/pages"}],"about":[{"href":"https:\/\/blogg.improveme.se\/missjojo\/wp-json\/wp\/v2\/types\/page"}],"author":[{"embeddable":true,"href":"https:\/\/blogg.improveme.se\/missjojo\/wp-json\/wp\/v2\/users\/4920"}],"replies":[{"embeddable":true,"href":"https:\/\/blogg.improveme.se\/missjojo\/wp-json\/wp\/v2\/comments?post=3365"}],"version-history":[{"count":0,"href":"https:\/\/blogg.improveme.se\/missjojo\/wp-json\/wp\/v2\/pages\/3365\/revisions"}],"wp:attachment":[{"href":"https:\/\/blogg.improveme.se\/missjojo\/wp-json\/wp\/v2\/media?parent=3365"}],"curies":[{"name":"wp","href":"https:\/\/api.w.org\/{rel}","templated":true}]}}