{"id":5122,"date":"2014-03-07T22:35:06","date_gmt":"2014-03-07T21:35:06","guid":{"rendered":"http:\/\/blogg.improveme.se\/mylovees\/?page_id=5122"},"modified":"2014-03-07T22:35:06","modified_gmt":"2014-03-07T21:35:06","slug":"jag-ar-my-love","status":"publish","type":"page","link":"https:\/\/blogg.improveme.se\/mylovees\/jag-ar-my-love\/","title":{"rendered":"Jag \u00e4r My Love"},"content":{"rendered":"<p>Hejsan, vad roligt att du klickat hit!<\/p>\n<p>Jag som driver denna bloggen mylovees heter My Love Johansson, jag \u00e4r en snart 15 \u00e5rig tjej som brinner f\u00f6r bloggandet &amp; vill ta mig h\u00f6gt &amp; n\u00e5 l\u00e5ngt i bloggsof\u00e4ren. Jag bloggar just nu f\u00f6r imrpoveme, wordpress men kommer inom snar framtid att ta steget &amp; blogga p\u00e5 myloves.se &#8211; min egna dom\u00e4n, hur coolt \u00e4r inte det? En ren &amp; sann dr\u00f6m f\u00f6r mig. H\u00e4r p\u00e5 mylovees kommer ni f\u00e5 l\u00e4sa om mycket, jag h\u00e5ller er v\u00e4l uppdaterade med 5-9 inl\u00e4gg per dag, massvis med \u00e5sikter &amp; tankar om allt &#8211; that\\&#8217;s me, kilerinl\u00e4gg efter killerinl\u00e4gg. Mycke tipsinl\u00e4gg, fr\u00e5gor &amp; svar, mycket k\u00e4rlek, om mobbning, killar, min vardag &#8211; livet i stort vill s\u00e4ga. Allt mellan himmel &amp; jord, ord efter ord, menning efter menning &#8211; v\u00e4lkommen till mylovees. S\u00c5 vad s\u00e4ger du? Vill du f\u00f6lja min ton\u00e5rsresa mot vuxenlivet, med alla ups and downs &amp; allt d\u00e4r imellan? &#8211; stanna d\u00e5 kvar!\u2665<\/p>\n","protected":false},"excerpt":{"rendered":"<p>Hejsan, vad roligt att du klickat hit! Jag som driver denna bloggen mylovees heter My Love Johansson, jag \u00e4r en snart 15 \u00e5rig tjej som brinner f\u00f6r bloggandet &amp; vill ta mig h\u00f6gt &amp; n\u00e5 l\u00e5ngt i bloggsof\u00e4ren. Jag bloggar just nu f\u00f6r imrpoveme, wordpress men kommer inom snar framtid att ta steget &amp; blogga &#8230; <a title=\"Jag \u00e4r My Love\" class=\"read-more\" href=\"https:\/\/blogg.improveme.se\/mylovees\/jag-ar-my-love\/\" aria-label=\"L\u00e4s mer om Jag \u00e4r My Love\">L\u00e4s mer<\/a><\/p>\n","protected":false},"author":5635,"featured_media":0,"parent":0,"menu_order":3,"comment_status":"open","ping_status":"open","template":"","meta":{"footnotes":""},"class_list":["post-5122","page","type-page","status-publish"],"_links":{"self":[{"href":"https:\/\/blogg.improveme.se\/mylovees\/wp-json\/wp\/v2\/pages\/5122","targetHints":{"allow":["GET"]}}],"collection":[{"href":"https:\/\/blogg.improveme.se\/mylovees\/wp-json\/wp\/v2\/pages"}],"about":[{"href":"https:\/\/blogg.improveme.se\/mylovees\/wp-json\/wp\/v2\/types\/page"}],"author":[{"embeddable":true,"href":"https:\/\/blogg.improveme.se\/mylovees\/wp-json\/wp\/v2\/users\/5635"}],"replies":[{"embeddable":true,"href":"https:\/\/blogg.improveme.se\/mylovees\/wp-json\/wp\/v2\/comments?post=5122"}],"version-history":[{"count":0,"href":"https:\/\/blogg.improveme.se\/mylovees\/wp-json\/wp\/v2\/pages\/5122\/revisions"}],"wp:attachment":[{"href":"https:\/\/blogg.improveme.se\/mylovees\/wp-json\/wp\/v2\/media?parent=5122"}],"curies":[{"name":"wp","href":"https:\/\/api.w.org\/{rel}","templated":true}]}}