{"id":1119,"date":"2012-02-13T11:12:24","date_gmt":"2012-02-13T10:12:24","guid":{"rendered":"http:\/\/www.mondoblog.se\/pixxxie\/?page_id=1119"},"modified":"2012-02-13T11:12:24","modified_gmt":"2012-02-13T10:12:24","slug":"om-pixxxie","status":"publish","type":"page","link":"https:\/\/blogg.improveme.se\/pixxxie\/om-pixxxie\/","title":{"rendered":"Om Pixxxie"},"content":{"rendered":"<p style=\"text-align: center\"><strong>B\u00f6rjade min resa som bloggare 2008, och har sen dess varit fast.<\/strong><\/p>\n<p style=\"text-align: center\"><strong>Just nu \u00e4r jag storbloggare p\u00e5 Mondoblog.se.<\/strong><\/p>\n<p style=\"text-align: center\"><strong>Uppvuxen i Dalsland i det lilla samh\u00e4llet Bengtsfors. Har sen bott m\u00e5nga \u00e5r i Stenungsund samt Uddevalla som jag \u00e4r bosatt i nu.<\/strong><\/p>\n<p style=\"text-align: center\"><strong>Har en dotter p\u00e5 10 \u00e5r och en sambo som jag bor tillsammans med i en fyra i centrala Uddevalla.<\/strong><\/p>\n<p style=\"text-align: center\"><strong>Fritiden \u00e4gnar jag \u00e5t tr\u00e4ning som inneb\u00e4r Zumba, min familj, v\u00e4nner &amp; djur.<\/strong><\/p>\n<p style=\"text-align: center\"><strong><\/strong><\/p>\n<p>&nbsp;<\/p>\n","protected":false},"excerpt":{"rendered":"<p>B\u00f6rjade min resa som bloggare 2008, och har sen dess varit fast. Just nu \u00e4r jag storbloggare p\u00e5 Mondoblog.se. Uppvuxen i Dalsland i det lilla samh\u00e4llet Bengtsfors. Har sen bott m\u00e5nga \u00e5r i Stenungsund samt Uddevalla som jag \u00e4r bosatt i nu. Har en dotter p\u00e5 10 \u00e5r och en sambo som jag bor tillsammans &#8230; <a title=\"Om Pixxxie\" class=\"read-more\" href=\"https:\/\/blogg.improveme.se\/pixxxie\/om-pixxxie\/\" aria-label=\"L\u00e4s mer om Om Pixxxie\">L\u00e4s mer<\/a><\/p>\n","protected":false},"author":3153,"featured_media":0,"parent":0,"menu_order":0,"comment_status":"open","ping_status":"open","template":"","meta":{"footnotes":""},"class_list":["post-1119","page","type-page","status-publish"],"_links":{"self":[{"href":"https:\/\/blogg.improveme.se\/pixxxie\/wp-json\/wp\/v2\/pages\/1119","targetHints":{"allow":["GET"]}}],"collection":[{"href":"https:\/\/blogg.improveme.se\/pixxxie\/wp-json\/wp\/v2\/pages"}],"about":[{"href":"https:\/\/blogg.improveme.se\/pixxxie\/wp-json\/wp\/v2\/types\/page"}],"author":[{"embeddable":true,"href":"https:\/\/blogg.improveme.se\/pixxxie\/wp-json\/wp\/v2\/users\/3153"}],"replies":[{"embeddable":true,"href":"https:\/\/blogg.improveme.se\/pixxxie\/wp-json\/wp\/v2\/comments?post=1119"}],"version-history":[{"count":0,"href":"https:\/\/blogg.improveme.se\/pixxxie\/wp-json\/wp\/v2\/pages\/1119\/revisions"}],"wp:attachment":[{"href":"https:\/\/blogg.improveme.se\/pixxxie\/wp-json\/wp\/v2\/media?parent=1119"}],"curies":[{"name":"wp","href":"https:\/\/api.w.org\/{rel}","templated":true}]}}