{"id":95,"date":"2012-01-11T15:54:48","date_gmt":"2012-01-11T14:54:48","guid":{"rendered":"http:\/\/www.mondoblog.se\/pixxxie\/?page_id=95"},"modified":"2012-01-11T15:54:48","modified_gmt":"2012-01-11T14:54:48","slug":"kontakt","status":"publish","type":"page","link":"https:\/\/blogg.improveme.se\/pixxxie\/kontakt\/","title":{"rendered":"Kontakt"},"content":{"rendered":"<p style=\"text-align: center\"><strong><a href=\"http:\/\/www.mondoblog.se\/pixxxie\/kontakt\/1147437_email_icon\/\" rel=\"attachment wp-att-96\"><img loading=\"lazy\" decoding=\"async\" class=\"aligncenter size-full wp-image-96\" src=\"http:\/\/www.mondoblog.se\/pixxxie\/files\/2012\/01\/1147437_email_icon.jpg\" alt=\"\" width=\"300\" height=\"300\" srcset=\"https:\/\/blogg.improveme.se\/pixxxie\/files\/2012\/01\/1147437_email_icon.jpg 1000w, https:\/\/blogg.improveme.se\/pixxxie\/files\/2012\/01\/1147437_email_icon-150x150.jpg 150w, https:\/\/blogg.improveme.se\/pixxxie\/files\/2012\/01\/1147437_email_icon-300x300.jpg 300w, https:\/\/blogg.improveme.se\/pixxxie\/files\/2012\/01\/1147437_email_icon-680x680.jpg 680w\" sizes=\"auto, (max-width: 300px) 100vw, 300px\" \/><\/a><\/strong><\/p>\n<p style=\"text-align: center\"><strong>Vid fr\u00e5gor eller andra \u00e4renden kontakta Pixxxie p\u00e5<\/strong><\/p>\n<p style=\"text-align: center\"><strong><a href=\"mailto:jcouture@live.se\">jcouture@live.se<\/a><\/strong><\/p>\n<p style=\"text-align: center\"><strong>Eller genom\u00a0att gilla <a href=\"http:\/\/www.facebook.com\/#!\/pages\/Pixxxie\/347097061975313\">Pixxxie<\/a>\u00a0p\u00e5 FB.<\/strong><\/p>\n","protected":false},"excerpt":{"rendered":"<p>Vid fr\u00e5gor eller andra \u00e4renden kontakta Pixxxie p\u00e5 jcouture@live.se Eller genom\u00a0att gilla Pixxxie\u00a0p\u00e5 FB.<\/p>\n","protected":false},"author":3153,"featured_media":0,"parent":0,"menu_order":0,"comment_status":"open","ping_status":"open","template":"","meta":{"footnotes":""},"class_list":["post-95","page","type-page","status-publish"],"_links":{"self":[{"href":"https:\/\/blogg.improveme.se\/pixxxie\/wp-json\/wp\/v2\/pages\/95","targetHints":{"allow":["GET"]}}],"collection":[{"href":"https:\/\/blogg.improveme.se\/pixxxie\/wp-json\/wp\/v2\/pages"}],"about":[{"href":"https:\/\/blogg.improveme.se\/pixxxie\/wp-json\/wp\/v2\/types\/page"}],"author":[{"embeddable":true,"href":"https:\/\/blogg.improveme.se\/pixxxie\/wp-json\/wp\/v2\/users\/3153"}],"replies":[{"embeddable":true,"href":"https:\/\/blogg.improveme.se\/pixxxie\/wp-json\/wp\/v2\/comments?post=95"}],"version-history":[{"count":0,"href":"https:\/\/blogg.improveme.se\/pixxxie\/wp-json\/wp\/v2\/pages\/95\/revisions"}],"wp:attachment":[{"href":"https:\/\/blogg.improveme.se\/pixxxie\/wp-json\/wp\/v2\/media?parent=95"}],"curies":[{"name":"wp","href":"https:\/\/api.w.org\/{rel}","templated":true}]}}