{"id":325,"date":"2010-10-13T23:07:29","date_gmt":"2010-10-13T21:07:29","guid":{"rendered":"http:\/\/blogg.improveme.se\/robinstrandberg\/om\/"},"modified":"2010-10-13T23:07:29","modified_gmt":"2010-10-13T21:07:29","slug":"om","status":"publish","type":"page","link":"https:\/\/blogg.improveme.se\/robinstrandberg\/om\/","title":{"rendered":"Om"},"content":{"rendered":"<p>Detta \u00e4r Ett exempel p\u00e5 en WordPress-sida kan du Redigera L\u00e4gga den och i information om dig sj\u00e4lv eller din webbplats s\u00e5 l\u00e4sarna vet var du kommer ifr\u00e5n. Du kan Skapa S\u00e5 M\u00e5nga sidor som denna eller sub-sidor som helst och Hantera Allt inneh\u00e5ll Inom WordPress.<\/p>\n","protected":false},"excerpt":{"rendered":"<p>Detta \u00e4r Ett exempel p\u00e5 en WordPress-sida kan du Redigera L\u00e4gga den och i information om dig sj\u00e4lv eller din webbplats s\u00e5 l\u00e4sarna vet var du kommer ifr\u00e5n. Du kan Skapa S\u00e5 M\u00e5nga sidor som denna eller sub-sidor som helst och Hantera Allt inneh\u00e5ll Inom WordPress.<\/p>\n","protected":false},"author":2663,"featured_media":0,"parent":0,"menu_order":0,"comment_status":"open","ping_status":"open","template":"","meta":{"footnotes":""},"class_list":["post-325","page","type-page","status-publish"],"_links":{"self":[{"href":"https:\/\/blogg.improveme.se\/robinstrandberg\/wp-json\/wp\/v2\/pages\/325","targetHints":{"allow":["GET"]}}],"collection":[{"href":"https:\/\/blogg.improveme.se\/robinstrandberg\/wp-json\/wp\/v2\/pages"}],"about":[{"href":"https:\/\/blogg.improveme.se\/robinstrandberg\/wp-json\/wp\/v2\/types\/page"}],"author":[{"embeddable":true,"href":"https:\/\/blogg.improveme.se\/robinstrandberg\/wp-json\/wp\/v2\/users\/2663"}],"replies":[{"embeddable":true,"href":"https:\/\/blogg.improveme.se\/robinstrandberg\/wp-json\/wp\/v2\/comments?post=325"}],"version-history":[{"count":0,"href":"https:\/\/blogg.improveme.se\/robinstrandberg\/wp-json\/wp\/v2\/pages\/325\/revisions"}],"wp:attachment":[{"href":"https:\/\/blogg.improveme.se\/robinstrandberg\/wp-json\/wp\/v2\/media?parent=325"}],"curies":[{"name":"wp","href":"https:\/\/api.w.org\/{rel}","templated":true}]}}