{"id":2,"date":"2012-01-15T10:49:08","date_gmt":"2012-01-15T09:49:08","guid":{"rendered":"http:\/\/blogg.improveme.se\/skatesteph\/om\/"},"modified":"2012-01-15T10:49:08","modified_gmt":"2012-01-15T09:49:08","slug":"om","status":"publish","type":"page","link":"https:\/\/blogg.improveme.se\/skatesteph\/om\/","title":{"rendered":"Om"},"content":{"rendered":"<p>Jag \u00e4r 22 \u00e5r och bor i Link\u00f6ping ( \u00e4n s\u00e5 l\u00e4nge ) min dr\u00f6m \u00e4r att bo lite h\u00e4r och d\u00e4r runt om i hela v\u00e4rlden. Jag \u00e4r aggressive inlines-\u00e5kare och jag jobbar med event och \u00e4r v\u00e4ldigt engagerad i allt som har med inlines att g\u00f6ra.<\/p>\n<p>\t&nbsp;<\/p>\n","protected":false},"excerpt":{"rendered":"<p>Jag \u00e4r 22 \u00e5r och bor i Link\u00f6ping ( \u00e4n s\u00e5 l\u00e4nge ) min dr\u00f6m \u00e4r att bo lite h\u00e4r och d\u00e4r runt om i hela v\u00e4rlden. Jag \u00e4r aggressive inlines-\u00e5kare och jag jobbar med event och \u00e4r v\u00e4ldigt engagerad i allt som har med inlines att g\u00f6ra. &nbsp;<\/p>\n","protected":false},"author":952,"featured_media":0,"parent":0,"menu_order":0,"comment_status":"open","ping_status":"open","template":"","meta":{"footnotes":""},"class_list":["post-2","page","type-page","status-publish"],"_links":{"self":[{"href":"https:\/\/blogg.improveme.se\/skatesteph\/wp-json\/wp\/v2\/pages\/2","targetHints":{"allow":["GET"]}}],"collection":[{"href":"https:\/\/blogg.improveme.se\/skatesteph\/wp-json\/wp\/v2\/pages"}],"about":[{"href":"https:\/\/blogg.improveme.se\/skatesteph\/wp-json\/wp\/v2\/types\/page"}],"author":[{"embeddable":true,"href":"https:\/\/blogg.improveme.se\/skatesteph\/wp-json\/wp\/v2\/users\/952"}],"replies":[{"embeddable":true,"href":"https:\/\/blogg.improveme.se\/skatesteph\/wp-json\/wp\/v2\/comments?post=2"}],"version-history":[{"count":0,"href":"https:\/\/blogg.improveme.se\/skatesteph\/wp-json\/wp\/v2\/pages\/2\/revisions"}],"wp:attachment":[{"href":"https:\/\/blogg.improveme.se\/skatesteph\/wp-json\/wp\/v2\/media?parent=2"}],"curies":[{"name":"wp","href":"https:\/\/api.w.org\/{rel}","templated":true}]}}