{"id":15,"date":"2015-01-19T21:10:57","date_gmt":"2015-01-19T20:10:57","guid":{"rendered":"http:\/\/blogg.improveme.se\/twinsis\/?page_id=15"},"modified":"2015-01-19T21:10:57","modified_gmt":"2015-01-19T20:10:57","slug":"sister-sis","status":"publish","type":"page","link":"https:\/\/blogg.improveme.se\/twinsis\/sister-sis\/","title":{"rendered":"Sister SIS"},"content":{"rendered":"<p>Jag kallar mig sj\u00e4lv f\u00f6r sis i denna bloggen, anledningen till att jag inte vill visa min riktiga identitet kan ju alla f\u00f6rs\u00f6ka grubbla \u00f6ver men det \u00e4r s\u00e5 det kommer bli. En ledtr\u00e5d \u00e4r att jag kan ber\u00e4tta att jag fortfarande g\u00e5r i skolan, s\u00e4ger inte om jag g\u00e5r p\u00e5 grundskolan, gymnasiet eller p\u00e5 universitetet men&#8230; Men inte s\u00e5 mycket om mig&#8230;. jag vill veta era problem och s\u00e5 kan jag kanske hj\u00e4lpa till, l\u00e5ter som en terapeut men jag har en del erfarenheter av problem i skolan, hemma, kompisar och k\u00e4rlek faktiskt!<\/p>\n","protected":false},"excerpt":{"rendered":"<p>Jag kallar mig sj\u00e4lv f\u00f6r sis i denna bloggen, anledningen till att jag inte vill visa min riktiga identitet kan ju alla f\u00f6rs\u00f6ka grubbla \u00f6ver men det \u00e4r s\u00e5 det kommer bli. En ledtr\u00e5d \u00e4r att jag kan ber\u00e4tta att jag fortfarande g\u00e5r i skolan, s\u00e4ger inte om jag g\u00e5r p\u00e5 grundskolan, gymnasiet eller p\u00e5 &#8230; <a title=\"Sister SIS\" class=\"read-more\" href=\"https:\/\/blogg.improveme.se\/twinsis\/sister-sis\/\" aria-label=\"L\u00e4s mer om Sister SIS\">L\u00e4s mer<\/a><\/p>\n","protected":false},"author":10664,"featured_media":0,"parent":0,"menu_order":0,"comment_status":"open","ping_status":"open","template":"","meta":{"footnotes":""},"class_list":["post-15","page","type-page","status-publish"],"_links":{"self":[{"href":"https:\/\/blogg.improveme.se\/twinsis\/wp-json\/wp\/v2\/pages\/15","targetHints":{"allow":["GET"]}}],"collection":[{"href":"https:\/\/blogg.improveme.se\/twinsis\/wp-json\/wp\/v2\/pages"}],"about":[{"href":"https:\/\/blogg.improveme.se\/twinsis\/wp-json\/wp\/v2\/types\/page"}],"author":[{"embeddable":true,"href":"https:\/\/blogg.improveme.se\/twinsis\/wp-json\/wp\/v2\/users\/10664"}],"replies":[{"embeddable":true,"href":"https:\/\/blogg.improveme.se\/twinsis\/wp-json\/wp\/v2\/comments?post=15"}],"version-history":[{"count":0,"href":"https:\/\/blogg.improveme.se\/twinsis\/wp-json\/wp\/v2\/pages\/15\/revisions"}],"wp:attachment":[{"href":"https:\/\/blogg.improveme.se\/twinsis\/wp-json\/wp\/v2\/media?parent=15"}],"curies":[{"name":"wp","href":"https:\/\/api.w.org\/{rel}","templated":true}]}}